{"id":23,"date":"2025-12-11T17:04:52","date_gmt":"2025-12-11T17:04:52","guid":{"rendered":"https:\/\/worldinnovationpaintingcorp.com\/?page_id=23"},"modified":"2025-12-12T17:41:27","modified_gmt":"2025-12-12T17:41:27","slug":"about-us","status":"publish","type":"page","link":"https:\/\/worldinnovationpaintingcorp.com\/es\/about-us\/","title":{"rendered":"Nosotros"},"content":{"rendered":"<section class=\"l-section wpb_row height_medium with_video\"><div id=\"us_bg_video_i6cc\" class=\"l-section-video\"><script id=\"us_bg_video_i6cc-script\">!function(w){var node = document.getElementById( 'us_bg_video_i6cc' );if ( w.innerWidth <= 300 ) { node.remove() }}(window);<\/script><style>@media(max-width:300px){#us_bg_video_i6cc{display:none!important}}<\/style><video  autoplay loop muted playsinline preload=\"auto\"><source type=\"video\/mp4\" src=\"https:\/\/worldinnovationpaintingcorp.com\/wp-content\/uploads\/2025\/12\/4771315-uhd_3840_2160_24fps.mp4\" \/><\/video><\/div><div class=\"l-section-overlay\" style=\"background:rgba(0,18,59,0.65)\"><\/div><div class=\"l-section-h i-cf\"><div class=\"g-cols vc_row via_grid cols_1 laptops-cols_inherit tablets-cols_inherit mobiles-cols_1 valign_top type_default stacking_default\"><div class=\"wpb_column vc_column_container\"><div class=\"vc_column-inner\"><h3 class=\"w-text us_custom_1f257949\"><span class=\"w-text-h\"><span class=\"w-text-value\">Nosotros<\/span><\/span><\/h3><h1 class=\"w-text us_custom_1f257949\"><span class=\"w-text-h\"><span class=\"w-text-value\">World Innovation Painting Corp.<\/span><\/span><\/h1><div class=\"w-btn-wrapper align_none\"><a class=\"w-btn us-btn-style_1\" href=\"https:\/\/worldinnovationpaintingcorp.com\/es\/contact-us\/\"><span class=\"w-btn-label\">Contacto<\/span><\/a><\/div><\/div><\/div><\/div><\/div><\/section><section class=\"l-section wpb_row height_medium\"><div class=\"l-section-overlay\" style=\"background:var(--color-content-primary-grad)\"><\/div><div class=\"l-section-h i-cf\"><div class=\"g-cols vc_row via_grid cols_3-2 laptops-cols_inherit tablets-cols_inherit mobiles-cols_1 valign_middle type_default stacking_default\" style=\"--columns-gap:calc(3rem + 10px);\"><div class=\"wpb_column vc_column_container us_custom_60e9caca us_animate_this\"><div class=\"vc_column-inner\"><div class=\"wpb_text_column\"><div class=\"wpb_wrapper\"><h2 class=\"w-text us_custom_cfada43f has_text_color\"><span class=\"w-text-h\"><span class=\"w-text-value\">World Innovation Painting Corp.<\/span><\/span><\/h2>\n<p>En World Innovation Painting Corp, nos enorgullecemos de ofrecer servicios de pintura y reparaciones de primera calidad tanto para proyectos interiores como exteriores. Nuestro equipo de profesionales altamente capacitados se especializa en transformar espacios a trav\u00e9s de trabajos de pintura experta, ya sea renovando el exterior de su hogar o brindando una apariencia fresca y vibrante a sus interiores.\n\nOfrecemos servicios integrales que incluyen lavado a presi\u00f3n, reparaci\u00f3n de estuco, pintura de gabinetes, reparaci\u00f3n de drywall, reparaci\u00f3n de madera, pintura con textura y pintura de terrazas (decks), asegurando que cada aspecto de su proyecto sea ejecutado con precisi\u00f3n y cuidado.\n\nNuestro compromiso con la calidad y la satisfacci\u00f3n del cliente nos impulsa a superar las expectativas en cada trabajo.<\/p>\n<p>Con a\u00f1os de experiencia y una pasi\u00f3n por la perfecci\u00f3n, World Innovation Painting Corp se destaca como un nombre confiable en la industria. Entendemos que su hogar o negocio es un activo valioso, y nos esforzamos por mejorar su belleza y durabilidad a trav\u00e9s de nuestros servicios profesionales.\n\nNuestro equipo utiliza los mejores materiales y t\u00e9cnicas para ofrecer resultados duraderos de los que usted puede sentirse orgulloso. Ya sea una reparaci\u00f3n menor o una renovaci\u00f3n completa, abordamos cada proyecto con el mismo nivel de dedicaci\u00f3n y atenci\u00f3n al detalle.\n\nElija World Innovation Painting Corp para obtener soluciones de pintura y reparaci\u00f3n confiables, innovadoras y de alta calidad.<\/p>\n<\/div><\/div><\/div><\/div><div class=\"wpb_column vc_column_container us_custom_5a44fc97 us_animate_this\"><div class=\"vc_column-inner\"><div class=\"w-video us_custom_4a742b6c us_animate_this align_none ratio_custom\"><div class=\"w-video-h\" style=\"padding-bottom:133.3333%\"><video  preload=\"metadata\" playsinline controls><source type=\"video\/mp4\" src=\"https:\/\/worldinnovationpaintingcorp.com\/wp-content\/uploads\/2025\/12\/Video-de-WhatsApp-2025-02-01-a-las-12.54.23_e098864a.mp4\" \/><\/video><\/div><div class=\"w-video-icon\" style=\"font-size:1.5rem;background:rgba(0,0,0,0.5);color:#fff\"><\/div><\/div><\/div><\/div><\/div><\/div><\/section><section class=\"l-section wpb_row height_medium with_img with_shape\"><div class=\"l-section-img\" role=\"img\" data-img-width=\"1600\" data-img-height=\"900\" style=\"background-image: url(https:\/\/worldinnovationpaintingcorp.com\/wp-content\/uploads\/2025\/12\/Imagen-de-WhatsApp-2025-01-28-a-las-16.22.27_8043556f.jpg);\"><\/div><div class=\"l-section-overlay\" style=\"background:linear-gradient(175deg,#000007,rgba(0,7,125,0.40))\"><\/div><div class=\"l-section-shape type_custom pos_bottom\" style=\"height:30vmin;color:\"><svg xmlns=\"http:\/\/www.w3.org\/2000\/svg\" viewbox=\"0 0 64 8\" preserveaspectratio=\"none\" width=\"100%\" height=\"100%\">\r\n\t<path fill=\"currentColor\" d=\"M64 8 L0 8 L0 0 L64 0 Z\"\/>\r\n<\/svg><\/div><div class=\"l-section-h i-cf\"><div class=\"g-cols vc_row via_grid cols_1 laptops-cols_inherit tablets-cols_inherit mobiles-cols_1 valign_top type_default stacking_default\"><div class=\"wpb_column vc_column_container\"><div class=\"vc_column-inner\"><div class=\"wpb_text_column us_custom_4a742b6c us_animate_this\"><div class=\"wpb_wrapper\"><h1 style=\"text-align: center;\">Contamos con m\u00e1s de 25 a\u00f1os de experiencia.<\/h1>\n<\/div><\/div><div class=\"w-separator size_small\"><\/div><h6 class=\"w-text us_custom_6c95559a us_animate_this\"><span class=\"w-text-h\"><span class=\"w-text-value\">Prestamos nuestros servicios en todo el estado de California.<\/span><\/span><\/h6><div class=\"w-separator size_medium\"><\/div><div class=\"g-cols wpb_row us_custom_4a742b6c us_animate_this via_grid cols_3 laptops-cols_inherit tablets-cols_inherit mobiles-cols_1 valign_top type_default stacking_default\" style=\"--columns-gap:2rem;\"><div class=\"wpb_column vc_column_container us_custom_e2cbe063\"><div class=\"vc_column-overlay\" style=\"background:var(--color-content-primary-grad)\"><\/div><div class=\"vc_column-inner\"><div class=\"wpb_text_column\"><div class=\"wpb_wrapper\"><h6>Misi\u00f3n<\/h6>\n<p>La misi\u00f3n de World Innovation Painting Corp es proporcionar servicios integrales de pintura y reparaci\u00f3n de interiores y exteriores, centr\u00e1ndose en la m\u00e1xima calidad, precisi\u00f3n y atenci\u00f3n al detalle, utilizando materiales de primera calidad y t\u00e9cnicas profesionales para transformar y proteger los espacios de sus clientes, garantizando siempre resultados duraderos y superando sus expectativas.<\/p>\n<\/div><\/div><\/div><\/div><div class=\"wpb_column vc_column_container us_custom_a3834ff5\"><div class=\"vc_column-overlay\" style=\"background:var(--color-content-primary-grad)\"><\/div><div class=\"vc_column-inner\"><div class=\"wpb_text_column\"><div class=\"wpb_wrapper\"><h6>Visi\u00f3n<\/h6>\n<p>La visi\u00f3n de la empresa es consolidarse como l\u00edder de confianza en el sector de los servicios de pintura y mejora de superficies en el condado de Los \u00c1ngeles y sus alrededores, reconocida por su excelencia, innovaci\u00f3n continua y experiencia profesional, al tiempo que establece relaciones duraderas con sus clientes basadas en la satisfacci\u00f3n y la confianza.<\/p>\n<\/div><\/div><\/div><\/div><div class=\"wpb_column vc_column_container us_custom_a3834ff5\"><div class=\"vc_column-overlay\" style=\"background:var(--color-content-primary-grad)\"><\/div><div class=\"vc_column-inner\"><div class=\"wpb_text_column\"><div class=\"wpb_wrapper\"><h6>Valores<\/h6>\n<p>Los valores que gu\u00edan a World Innovation Painting Corp incluyen la excelencia en la calidad del trabajo, la satisfacci\u00f3n del cliente como eje central de todas sus acciones, la integridad y transparencia en la comunicaci\u00f3n y los procesos, y un esp\u00edritu de innovaci\u00f3n y adaptabilidad para ofrecer soluciones eficientes y efectivas en cada proyecto.<\/p>\n<\/div><\/div><\/div><\/div><\/div><\/div><\/div><\/div><\/div><\/section><section class=\"l-section wpb_row height_medium\"><div class=\"l-section-overlay\" style=\"background:linear-gradient(175deg,#000007,rgba(0,7,125,0.40))\"><\/div><div class=\"l-section-h i-cf\"><div class=\"g-cols vc_row via_grid cols_1 laptops-cols_inherit tablets-cols_inherit mobiles-cols_1 valign_top type_default stacking_default\"><div class=\"wpb_column vc_column_container\"><div class=\"vc_column-inner\"><div class=\"wpb_text_column us_custom_4a742b6c us_animate_this\"><div class=\"wpb_wrapper\"><h1 class=\"w-text us_custom_eb849559\" style=\"text-align: left;\"><span class=\"w-text-h\"><span class=\"w-text-value\">\u00bfC\u00f3mo funciona?<\/span><\/span><\/h1>\n<\/div><\/div><div class=\"w-separator size_large\"><\/div><div class=\"g-cols wpb_row via_grid cols_4 laptops-cols_inherit tablets-cols_inherit mobiles-cols_1 valign_top type_default stacking_default\" style=\"--columns-gap:3rem;\"><div class=\"wpb_column vc_column_container us_custom_60e9caca us_animate_this\"><div class=\"vc_column-inner\"><div class=\"w-iconbox us_custom_b1bdf3d2 us_animate_this iconpos_top style_default color_secondary align_left\"><div class=\"w-iconbox-icon\" style=\"font-size:50px;\"><i class=\"fas fa-star\"><\/i><\/div><div class=\"w-iconbox-meta\"><h3 class=\"w-iconbox-title\" style=\"font-size:1.8rem;\">Consulta inicial<\/h3><div class=\"w-iconbox-text\"><p><span>En World Innovation Painting Corp, el proceso comienza con una consulta inicial exhaustiva. Durante esta etapa, nos reunimos con usted para comprender su visi\u00f3n, sus preferencias y los requisitos espec\u00edficos del proyecto de pintura. Nos tomamos el tiempo necesario para discutir las opciones de color, los acabados y cualquier reparaci\u00f3n o preparaci\u00f3n que sea necesaria. Este enfoque colaborativo garantiza que nos ajustemos a sus expectativas y podamos proporcionarle un presupuesto detallado y un plan de proyecto adaptado a sus necesidades.<\/span><\/p>\n<\/div><\/div><\/div><\/div><\/div><div class=\"wpb_column vc_column_container us_custom_f70d789f us_animate_this\"><div class=\"vc_column-inner\"><div class=\"w-iconbox us_custom_f69193ac us_animate_this iconpos_top style_default color_secondary align_left\"><div class=\"w-iconbox-icon\" style=\"font-size:50px;\"><i class=\"fas fa-star\"><\/i><\/div><div class=\"w-iconbox-meta\"><h3 class=\"w-iconbox-title\" style=\"font-size:1.8rem;\">Planificaci\u00f3n y preparaci\u00f3n detalladas<\/h3><div class=\"w-iconbox-text\"><p><span>Una vez finalizada la consulta y aprobado el plan del proyecto, nuestro equipo pasa a la fase de planificaci\u00f3n y preparaci\u00f3n detalladas. Esto incluye la preparaci\u00f3n de la superficie, como el lavado a presi\u00f3n, la reparaci\u00f3n del estuco, la reparaci\u00f3n de paneles de yeso y la reparaci\u00f3n de madera, para garantizar una base lisa y duradera para la pintura. Tambi\u00e9n nos encargamos de proteger sus muebles, accesorios y pisos con cubiertas de alta calidad para evitar cualquier da\u00f1o durante el proceso de pintura.<\/span><\/p>\n<\/div><\/div><\/div><\/div><\/div><div class=\"wpb_column vc_column_container us_custom_1fb8b2dc us_animate_this\"><div class=\"vc_column-inner\"><div class=\"w-iconbox us_custom_c95fea01 us_animate_this iconpos_top style_default color_secondary align_left\"><div class=\"w-iconbox-icon\" style=\"font-size:50px;\"><i class=\"fas fa-star\"><\/i><\/div><div class=\"w-iconbox-meta\"><h3 class=\"w-iconbox-title\" style=\"font-size:1.8rem;\">Pintura profesional<\/h3><div class=\"w-iconbox-text\"><p><span>Una vez que todo est\u00e1 listo, nuestros pintores expertos comienzan el proceso de pintura. Utilizando pinturas y materiales de primera calidad, aplicamos meticulosamente los colores y acabados elegidos para lograr un resultado impecable. Nuestro equipo tiene experiencia en una variedad de t\u00e9cnicas, incluyendo pintura con textura y pintura de gabinetes, lo que garantiza que cada superficie reciba el tratamiento adecuado. A lo largo de esta fase, mantenemos un entorno de trabajo limpio y organizado, minimizando las interrupciones en su rutina diaria.<\/span><\/p>\n<\/div><\/div><\/div><\/div><\/div><div class=\"wpb_column vc_column_container us_custom_47d40b1d us_animate_this\"><div class=\"vc_column-inner\"><div class=\"w-iconbox us_custom_a9035f4a us_animate_this iconpos_top style_default color_secondary align_left\"><div class=\"w-iconbox-icon\" style=\"font-size:50px;\"><i class=\"fas fa-star\"><\/i><\/div><div class=\"w-iconbox-meta\"><h3 class=\"w-iconbox-title\" style=\"font-size:1.8rem;\">Inspecci\u00f3n final y limpieza<\/h3><div class=\"w-iconbox-text\"><p><span>El \u00faltimo paso de nuestro proceso es una inspecci\u00f3n y limpieza minuciosas. Una vez finalizada la pintura, realizamos una revisi\u00f3n detallada para asegurarnos de que todos los aspectos del proyecto cumplan con nuestros altos est\u00e1ndares de calidad y mano de obra. Realizamos los retoques o ajustes necesarios y nos aseguramos de que usted quede satisfecho con el trabajo terminado. Por \u00faltimo, limpiamos el \u00e1rea de trabajo, dejando su espacio impecable y listo para que lo disfrute. En World Innovation Painting Corp, nos comprometemos a ofrecer resultados excepcionales y una experiencia perfecta y sin complicaciones de principio a fin.<\/span><\/p>\n<\/div><\/div><\/div><\/div><\/div><\/div><\/div><\/div><\/div><\/div><\/section><section class=\"l-section wpb_row height_medium with_img\"><div class=\"l-section-img\" role=\"img\" data-img-width=\"1599\" data-img-height=\"899\" style=\"background-image: url(https:\/\/worldinnovationpaintingcorp.com\/wp-content\/uploads\/2025\/12\/Imagen-de-WhatsApp-2025-01-28-a-las-16.22.26_a5a830ff.jpg);\"><\/div><div class=\"l-section-overlay\" style=\"background:var(--color-content-overlay)\"><\/div><div class=\"l-section-h i-cf\"><div class=\"g-cols vc_row via_grid cols_1 laptops-cols_inherit tablets-cols_inherit mobiles-cols_1 valign_top type_default stacking_default\"><div class=\"wpb_column vc_column_container\"><div class=\"vc_column-inner\"><h1 class=\"w-text us_custom_4a742b6c us_animate_this\"><span class=\"w-text-h\"><span class=\"w-text-value\">Preguntas frecuentes<\/span><\/span><\/h1><div class=\"w-tabs us_custom_4a742b6c us_animate_this style_default switch_click accordion has_scrolling\" style=\"--sections-title-size:inherit\"><div class=\"w-tabs-sections titles-align_none icon_chevron cpos_right\"><div class=\"w-tabs-section has_text_color\" id=\"y27e\" style=\"background:var(--color-content-secondary-grad);color:var(--color-content-bg);\"><button class=\"w-tabs-section-header\" aria-controls=\"content-y27e\" aria-expanded=\"false\"><div class=\"w-tabs-section-title\">\u00bfQu\u00e9 tipos de servicios de pintura ofrecen?<\/div><div class=\"w-tabs-section-control\"><\/div><\/button><div  class=\"w-tabs-section-content\" id=\"content-y27e\"><div class=\"w-tabs-section-content-h i-cf\"><div class=\"wpb_text_column\"><div class=\"wpb_wrapper\"><p>Ofrecen una amplia gama de servicios de pintura, incluyendo pintura de interiores y exteriores, lavado a presi\u00f3n, reparaci\u00f3n de estuco, pintura de gabinetes, reparaci\u00f3n de paneles de yeso, reparaci\u00f3n de madera, pintura texturizada y pintura de terrazas, cubriendo todas sus necesidades de pintura con precisi\u00f3n y cuidado.<\/p>\n<\/div><\/div><\/div><\/div><\/div><\/div><\/div><div class=\"w-separator size_small\"><\/div><div class=\"w-tabs us_custom_4a742b6c us_animate_this style_default switch_click accordion has_scrolling\" style=\"--sections-title-size:inherit\"><div class=\"w-tabs-sections titles-align_none icon_chevron cpos_right\"><div class=\"w-tabs-section has_text_color\" id=\"sdc4\" style=\"background:var(--color-content-secondary-grad);color:var(--color-content-bg);\"><button class=\"w-tabs-section-header\" aria-controls=\"content-sdc4\" aria-expanded=\"false\"><div class=\"w-tabs-section-title\">\u00bfC\u00f3mo garantizas la calidad de tus proyectos de pintura?<\/div><div class=\"w-tabs-section-control\"><\/div><\/button><div  class=\"w-tabs-section-content\" id=\"content-sdc4\"><div class=\"w-tabs-section-content-h i-cf\"><div class=\"wpb_text_column\"><div class=\"wpb_wrapper\"><p>La calidad es una prioridad: utilizan pinturas y materiales de primera calidad, contratan a pintores expertos y aplican procesos de preparaci\u00f3n y aplicaci\u00f3n meticulosos, lo que garantiza un acabado impecable y duradero en cada proyecto.<\/p>\n<\/div><\/div><\/div><\/div><\/div><\/div><\/div><div class=\"w-separator size_small\"><\/div><div class=\"w-tabs us_custom_4a742b6c us_animate_this style_default switch_click accordion has_scrolling\" style=\"--sections-title-size:inherit\"><div class=\"w-tabs-sections titles-align_none icon_chevron cpos_right\"><div class=\"w-tabs-section has_text_color\" id=\"o21e\" style=\"background:var(--color-content-secondary-grad);color:var(--color-content-bg);\"><button class=\"w-tabs-section-header\" aria-controls=\"content-o21e\" aria-expanded=\"false\"><div class=\"w-tabs-section-title\">\u00bfCu\u00e1nto tiempo suele durar un proyecto de pintura?<\/div><div class=\"w-tabs-section-control\"><\/div><\/button><div  class=\"w-tabs-section-content\" id=\"content-o21e\"><div class=\"w-tabs-section-content-h i-cf\"><div class=\"wpb_text_column\"><div class=\"wpb_wrapper\"><p>La duraci\u00f3n de un proyecto puede variar en funci\u00f3n del tama\u00f1o y el alcance del trabajo; durante la consulta inicial, proporcionan un calendario estimado basado en los requisitos espec\u00edficos del cliente, esforz\u00e1ndose por completar el proyecto de manera eficiente sin sacrificar la calidad.<\/p>\n<\/div><\/div><\/div><\/div><\/div><\/div><\/div><div class=\"w-separator size_small\"><\/div><div class=\"w-tabs us_custom_4a742b6c us_animate_this style_default switch_click accordion has_scrolling\" style=\"--sections-title-size:inherit\"><div class=\"w-tabs-sections titles-align_none icon_chevron cpos_right\"><div class=\"w-tabs-section has_text_color\" id=\"b640\" style=\"background:var(--color-content-secondary-grad);color:var(--color-content-bg);\"><button class=\"w-tabs-section-header\" aria-controls=\"content-b640\" aria-expanded=\"false\"><div class=\"w-tabs-section-title\">\u00bfOfrecen garant\u00eda por sus servicios de pintura?<\/div><div class=\"w-tabs-section-control\"><\/div><\/button><div  class=\"w-tabs-section-content\" id=\"content-b640\"><div class=\"w-tabs-section-content-h i-cf\"><div class=\"wpb_text_column\"><div class=\"wpb_wrapper\"><p>S\u00ed, respaldan la calidad de su trabajo y ofrecen una garant\u00eda sobre sus servicios de pintura, que cubre defectos de mano de obra y materiales, para garantizar la satisfacci\u00f3n del cliente (detalles espec\u00edficos disponibles al contactar con ellos).<\/p>\n<\/div><\/div><\/div><\/div><\/div><\/div><\/div><\/div><\/div><\/div><\/div><\/section><section class=\"l-section wpb_row height_large\"><div class=\"l-section-overlay\" style=\"background:var(--color-content-primary-grad)\"><\/div><div class=\"l-section-h i-cf\"><div class=\"g-cols vc_row via_grid cols_1 laptops-cols_inherit tablets-cols_inherit mobiles-cols_1 valign_top type_default stacking_default\"><div class=\"wpb_column vc_column_container\"><div class=\"vc_column-inner\"><h2 class=\"w-text us_custom_eb849559\"><span class=\"w-text-h\"><span class=\"w-text-value\">Let&#8217;s make your projects a reality!<\/span><\/span><\/h2><div class=\"w-btn-wrapper align_center\"><a class=\"w-btn us-btn-style_2\" href=\"https:\/\/worldinnovationpaintingcorp.com\/es\/contact-us\/\"><span class=\"w-btn-label\">Get a quote now<\/span><\/a><\/div><\/div><\/div><\/div><\/div><\/section>","protected":false},"excerpt":{"rendered":"","protected":false},"author":1,"featured_media":0,"parent":0,"menu_order":0,"comment_status":"closed","ping_status":"closed","template":"","meta":{"_glsr_average":0,"_glsr_ranking":0,"_glsr_reviews":0,"footnotes":""},"class_list":["post-23","page","type-page","status-publish","hentry"],"_hostinger_reach_plugin_has_subscription_block":false,"_hostinger_reach_plugin_is_elementor":false,"_links":{"self":[{"href":"https:\/\/worldinnovationpaintingcorp.com\/es\/wp-json\/wp\/v2\/pages\/23","targetHints":{"allow":["GET"]}}],"collection":[{"href":"https:\/\/worldinnovationpaintingcorp.com\/es\/wp-json\/wp\/v2\/pages"}],"about":[{"href":"https:\/\/worldinnovationpaintingcorp.com\/es\/wp-json\/wp\/v2\/types\/page"}],"author":[{"embeddable":true,"href":"https:\/\/worldinnovationpaintingcorp.com\/es\/wp-json\/wp\/v2\/users\/1"}],"replies":[{"embeddable":true,"href":"https:\/\/worldinnovationpaintingcorp.com\/es\/wp-json\/wp\/v2\/comments?post=23"}],"version-history":[{"count":2,"href":"https:\/\/worldinnovationpaintingcorp.com\/es\/wp-json\/wp\/v2\/pages\/23\/revisions"}],"predecessor-version":[{"id":181,"href":"https:\/\/worldinnovationpaintingcorp.com\/es\/wp-json\/wp\/v2\/pages\/23\/revisions\/181"}],"wp:attachment":[{"href":"https:\/\/worldinnovationpaintingcorp.com\/es\/wp-json\/wp\/v2\/media?parent=23"}],"curies":[{"name":"wp","href":"https:\/\/api.w.org\/{rel}","templated":true}]}}