{"id":42,"date":"2025-12-11T19:53:57","date_gmt":"2025-12-11T19:53:57","guid":{"rendered":"https:\/\/worldinnovationpaintingcorp.com\/?page_id=42"},"modified":"2025-12-30T08:03:35","modified_gmt":"2025-12-30T08:03:35","slug":"interior-painting","status":"publish","type":"page","link":"https:\/\/worldinnovationpaintingcorp.com\/es\/interior-painting\/","title":{"rendered":"Pintura de interiores"},"content":{"rendered":"<section class=\"l-section wpb_row height_huge with_img\"><div class=\"l-section-img\" role=\"img\" data-img-width=\"1046\" data-img-height=\"785\" style=\"background-image: url(https:\/\/worldinnovationpaintingcorp.com\/wp-content\/uploads\/2025\/12\/Screenshot-2025-12-08-145114.png);\"><\/div><div class=\"l-section-overlay\" style=\"background:var(--color-content-overlay)\"><\/div><div class=\"l-section-h i-cf\"><div class=\"g-cols vc_row via_grid cols_1 laptops-cols_inherit tablets-cols_inherit mobiles-cols_1 valign_top type_default stacking_default\"><div class=\"wpb_column vc_column_container\"><div class=\"vc_column-inner\"><h2 class=\"w-text us_custom_eb849559\"><span class=\"w-text-h\"><span class=\"w-text-value\">Servicios de Pintura de Interiores en California<\/span><\/span><\/h2><\/div><\/div><\/div><\/div><\/section><section class=\"l-section wpb_row height_medium\"><div class=\"l-section-h i-cf\"><div class=\"g-cols vc_row via_grid cols_3-2 laptops-cols_inherit tablets-cols_inherit mobiles-cols_1 valign_top type_default stacking_default\"><div class=\"wpb_column vc_column_container\"><div class=\"vc_column-inner\"><div class=\"w-gallery fit_cover type_grid action_popup_image ratio_1x1 count_6\" style=\"--columns:4;--items-gap:10px;\"><div class=\"w-gallery-list\"><div class=\"w-gallery-item\"><div class=\"w-gallery-item-img\"><img loading=\"lazy\" decoding=\"async\" width=\"1024\" height=\"767\" src=\"https:\/\/worldinnovationpaintingcorp.com\/wp-content\/uploads\/2025\/12\/Screenshot-2025-12-08-144910-1024x767.png\" class=\"attachment-large size-large\" alt=\"\" srcset=\"https:\/\/worldinnovationpaintingcorp.com\/wp-content\/uploads\/2025\/12\/Screenshot-2025-12-08-144910-1024x767.png 1024w, https:\/\/worldinnovationpaintingcorp.com\/wp-content\/uploads\/2025\/12\/Screenshot-2025-12-08-144910-300x225.png 300w, https:\/\/worldinnovationpaintingcorp.com\/wp-content\/uploads\/2025\/12\/Screenshot-2025-12-08-144910.png 1047w\" sizes=\"auto, (max-width: 1024px) 100vw, 1024px\" \/><\/div><a class=\"w-gallery-item-link\" aria-label=\"Screenshot 2025-12-08 144910\" href=\"https:\/\/worldinnovationpaintingcorp.com\/wp-content\/uploads\/2025\/12\/Screenshot-2025-12-08-144910.png\"><\/a><\/div><div class=\"w-gallery-item\"><div class=\"w-gallery-item-img\"><img loading=\"lazy\" decoding=\"async\" width=\"1024\" height=\"769\" src=\"https:\/\/worldinnovationpaintingcorp.com\/wp-content\/uploads\/2025\/12\/Screenshot-2025-12-08-144518-1024x769.png\" class=\"attachment-large size-large\" alt=\"\" srcset=\"https:\/\/worldinnovationpaintingcorp.com\/wp-content\/uploads\/2025\/12\/Screenshot-2025-12-08-144518-1024x769.png 1024w, https:\/\/worldinnovationpaintingcorp.com\/wp-content\/uploads\/2025\/12\/Screenshot-2025-12-08-144518-300x225.png 300w, https:\/\/worldinnovationpaintingcorp.com\/wp-content\/uploads\/2025\/12\/Screenshot-2025-12-08-144518.png 1049w\" sizes=\"auto, (max-width: 1024px) 100vw, 1024px\" \/><\/div><a class=\"w-gallery-item-link\" aria-label=\"Screenshot 2025-12-08 144518\" href=\"https:\/\/worldinnovationpaintingcorp.com\/wp-content\/uploads\/2025\/12\/Screenshot-2025-12-08-144518.png\"><\/a><\/div><div class=\"w-gallery-item\"><div class=\"w-gallery-item-img\"><img loading=\"lazy\" decoding=\"async\" width=\"1024\" height=\"767\" src=\"https:\/\/worldinnovationpaintingcorp.com\/wp-content\/uploads\/2025\/12\/Screenshot-2025-12-08-144629-1024x767.png\" class=\"attachment-large size-large\" alt=\"\" srcset=\"https:\/\/worldinnovationpaintingcorp.com\/wp-content\/uploads\/2025\/12\/Screenshot-2025-12-08-144629-1024x767.png 1024w, https:\/\/worldinnovationpaintingcorp.com\/wp-content\/uploads\/2025\/12\/Screenshot-2025-12-08-144629-300x225.png 300w, https:\/\/worldinnovationpaintingcorp.com\/wp-content\/uploads\/2025\/12\/Screenshot-2025-12-08-144629.png 1050w\" sizes=\"auto, (max-width: 1024px) 100vw, 1024px\" \/><\/div><a class=\"w-gallery-item-link\" aria-label=\"Screenshot 2025-12-08 144629\" href=\"https:\/\/worldinnovationpaintingcorp.com\/wp-content\/uploads\/2025\/12\/Screenshot-2025-12-08-144629.png\"><\/a><\/div><div class=\"w-gallery-item\"><div class=\"w-gallery-item-img\"><img loading=\"lazy\" decoding=\"async\" width=\"1024\" height=\"767\" src=\"https:\/\/worldinnovationpaintingcorp.com\/wp-content\/uploads\/2025\/12\/Screenshot-2025-12-08-144756-1024x767.png\" class=\"attachment-large size-large\" alt=\"\" srcset=\"https:\/\/worldinnovationpaintingcorp.com\/wp-content\/uploads\/2025\/12\/Screenshot-2025-12-08-144756-1024x767.png 1024w, https:\/\/worldinnovationpaintingcorp.com\/wp-content\/uploads\/2025\/12\/Screenshot-2025-12-08-144756-300x225.png 300w, https:\/\/worldinnovationpaintingcorp.com\/wp-content\/uploads\/2025\/12\/Screenshot-2025-12-08-144756.png 1050w\" sizes=\"auto, (max-width: 1024px) 100vw, 1024px\" \/><\/div><a class=\"w-gallery-item-link\" aria-label=\"Screenshot 2025-12-08 144756\" href=\"https:\/\/worldinnovationpaintingcorp.com\/wp-content\/uploads\/2025\/12\/Screenshot-2025-12-08-144756.png\"><\/a><\/div><div class=\"w-gallery-item\"><div class=\"w-gallery-item-img\"><img loading=\"lazy\" decoding=\"async\" width=\"1024\" height=\"768\" src=\"https:\/\/worldinnovationpaintingcorp.com\/wp-content\/uploads\/2025\/12\/Screenshot-2025-12-08-145114-1024x768.png\" class=\"attachment-large size-large\" alt=\"\" srcset=\"https:\/\/worldinnovationpaintingcorp.com\/wp-content\/uploads\/2025\/12\/Screenshot-2025-12-08-145114-1024x768.png 1024w, https:\/\/worldinnovationpaintingcorp.com\/wp-content\/uploads\/2025\/12\/Screenshot-2025-12-08-145114-300x225.png 300w, https:\/\/worldinnovationpaintingcorp.com\/wp-content\/uploads\/2025\/12\/Screenshot-2025-12-08-145114.png 1046w\" sizes=\"auto, (max-width: 1024px) 100vw, 1024px\" \/><\/div><a class=\"w-gallery-item-link\" aria-label=\"Screenshot 2025-12-08 145114\" href=\"https:\/\/worldinnovationpaintingcorp.com\/wp-content\/uploads\/2025\/12\/Screenshot-2025-12-08-145114.png\"><\/a><\/div><div class=\"w-gallery-item\"><div class=\"w-gallery-item-img\"><img loading=\"lazy\" decoding=\"async\" width=\"768\" height=\"1024\" src=\"https:\/\/worldinnovationpaintingcorp.com\/wp-content\/uploads\/2025\/12\/Interior-Painting-1.jpeg\" class=\"attachment-large size-large\" alt=\"\" srcset=\"https:\/\/worldinnovationpaintingcorp.com\/wp-content\/uploads\/2025\/12\/Interior-Painting-1.jpeg 768w, https:\/\/worldinnovationpaintingcorp.com\/wp-content\/uploads\/2025\/12\/Interior-Painting-1-225x300.jpeg 225w\" sizes=\"auto, (max-width: 768px) 100vw, 768px\" \/><\/div><a class=\"w-gallery-item-link\" aria-label=\"Interior Painting 1\" href=\"https:\/\/worldinnovationpaintingcorp.com\/wp-content\/uploads\/2025\/12\/Interior-Painting-1.jpeg\"><\/a><\/div><\/div><\/div><\/div><\/div><div class=\"wpb_column vc_column_container\"><div class=\"vc_column-inner\"><div class=\"wpb_text_column\"><div class=\"wpb_wrapper\"><p>El servicio de Pintura de Interiores de World Innovation Painting Corp est\u00e1 dise\u00f1ado para transformar los espacios interiores, mejorando tanto su apariencia como su funcionalidad. La pintura profesional no solo renueva visualmente un espacio, sino que tambi\u00e9n crea ambientes m\u00e1s agradables, limpios y armoniosos, adaptados al estilo y las necesidades de cada cliente.\n\nDesde hogares residenciales hasta propiedades comerciales, cada proyecto se ejecuta con atenci\u00f3n al detalle y altos est\u00e1ndares de calidad.<\/p>\n<p>El proceso comienza con una evaluaci\u00f3n detallada del \u00e1rea a pintar, analizando el estado de las paredes, techos y superficies. Se realizan trabajos de preparaci\u00f3n previa, como la reparaci\u00f3n de imperfecciones, resane de drywall, lijado y limpieza, garantizando una base adecuada para un acabado uniforme y duradero.\n\nEsta etapa es clave para asegurar resultados profesionales y de larga duraci\u00f3n.<\/p>\n<\/div><\/div><\/div><\/div><\/div><\/div><\/section><section class=\"l-section wpb_row height_medium with_img with_shape\"><div class=\"l-section-img\" role=\"img\" data-img-width=\"1600\" data-img-height=\"900\" style=\"background-image: url(https:\/\/worldinnovationpaintingcorp.com\/wp-content\/uploads\/2025\/12\/Imagen-de-WhatsApp-2025-01-28-a-las-16.22.27_8043556f.jpg);\"><\/div><div class=\"l-section-overlay\" style=\"background:linear-gradient(175deg,#000007,rgba(0,7,125,0.40))\"><\/div><div class=\"l-section-shape type_custom pos_bottom\" style=\"height:30vmin;color:\"><svg xmlns=\"http:\/\/www.w3.org\/2000\/svg\" viewbox=\"0 0 64 8\" preserveaspectratio=\"none\" width=\"100%\" height=\"100%\">\r\n\t<path fill=\"currentColor\" d=\"M64 8 L0 8 L0 0 L64 0 Z\"\/>\r\n<\/svg><\/div><div class=\"l-section-h i-cf\"><div class=\"g-cols vc_row via_grid cols_1 laptops-cols_inherit tablets-cols_inherit mobiles-cols_1 valign_top type_default stacking_default\"><div class=\"wpb_column vc_column_container\"><div class=\"vc_column-inner\"><div class=\"wpb_text_column us_custom_4a742b6c us_animate_this\"><div class=\"wpb_wrapper\"><h1 style=\"text-align: center;\">Contamos con m\u00e1s de 25 a\u00f1os de experiencia.<\/h1>\n<\/div><\/div><div class=\"w-separator size_small\"><\/div><h6 class=\"w-text us_custom_6c95559a us_animate_this\"><span class=\"w-text-h\"><span class=\"w-text-value\">Prestamos nuestros servicios en todo el estado de California.<\/span><\/span><\/h6><div class=\"w-separator size_medium\"><\/div><div class=\"g-cols wpb_row us_custom_4a742b6c us_animate_this via_grid cols_3 laptops-cols_inherit tablets-cols_inherit mobiles-cols_1 valign_top type_default stacking_default\" style=\"--columns-gap:2rem;\"><div class=\"wpb_column vc_column_container us_custom_e2cbe063\"><div class=\"vc_column-overlay\" style=\"background:var(--color-content-primary-grad)\"><\/div><div class=\"vc_column-inner\"><div class=\"wpb_text_column\"><div class=\"wpb_wrapper\"><h6>Espacios renovados y personalizados<\/h6>\n<p>La pintura de interiores permite crear espacios que reflejan su estilo y personalidad, aportando frescura, armon\u00eda y confort a cada ambiente.<\/p>\n<\/div><\/div><\/div><\/div><div class=\"wpb_column vc_column_container us_custom_a3834ff5\"><div class=\"vc_column-overlay\" style=\"background:var(--color-content-primary-grad)\"><\/div><div class=\"vc_column-inner\"><div class=\"wpb_text_column\"><div class=\"wpb_wrapper\"><h6>Acabados duraderos y de alta calidad<\/h6>\n<p>Gracias al uso de materiales de primera calidad y t\u00e9cnicas profesionales, los acabados mantienen su apariencia y durabilidad a lo largo del tiempo.<\/p>\n<\/div><\/div><\/div><\/div><div class=\"wpb_column vc_column_container us_custom_a3834ff5\"><div class=\"vc_column-overlay\" style=\"background:var(--color-content-primary-grad)\"><\/div><div class=\"vc_column-inner\"><div class=\"wpb_text_column\"><div class=\"wpb_wrapper\"><h6>Mayor valor y cuidado de la propiedad<\/h6>\n<p>Un interior bien pintado mejora la percepci\u00f3n general de la propiedad, incrementa su valor y protege las superficies del desgaste diario.<\/p>\n<\/div><\/div><\/div><\/div><\/div><\/div><\/div><\/div><\/div><\/section><section class=\"l-section wpb_row height_medium\"><div class=\"l-section-h i-cf\"><div class=\"g-cols vc_row via_grid cols_2-3 laptops-cols_inherit tablets-cols_inherit mobiles-cols_1 valign_top type_default stacking_default\"><div class=\"wpb_column vc_column_container\"><div class=\"vc_column-inner\"><div class=\"w-image has_ratio align_none\"><div class=\"w-image-h\"><div style=\"padding-bottom:75%\"><\/div><img decoding=\"async\" width=\"1024\" height=\"769\" src=\"https:\/\/worldinnovationpaintingcorp.com\/wp-content\/uploads\/2025\/12\/Screenshot-2025-12-08-144518-1024x769.png\" class=\"attachment-large size-large\" alt=\"\" loading=\"lazy\" \/><\/div><\/div><\/div><\/div><div class=\"wpb_column vc_column_container\"><div class=\"vc_column-inner\"><div class=\"wpb_text_column\"><div class=\"wpb_wrapper\"><p>Una vez preparada la superficie, se aplican pinturas de alta calidad utilizando t\u00e9cnicas profesionales que permiten una cobertura perfecta y un acabado limpio. El equipo de World Innovation Painting Corp cuida cada detalle, protegiendo pisos, muebles y \u00e1reas adyacentes para mantener el espacio ordenado y libre de da\u00f1os durante todo el proceso.<\/p>\n<p>Al finalizar, se realiza una inspecci\u00f3n final para verificar que el trabajo cumpla con los est\u00e1ndares de calidad y la satisfacci\u00f3n del cliente. El resultado es un espacio renovado, con colores bien definidos, acabados elegantes y una atm\u00f3sfera completamente transformada que refleja profesionalismo y atenci\u00f3n al detalle.<\/p>\n<\/div><\/div><\/div><\/div><\/div><\/div><\/section><section class=\"l-section wpb_row height_medium\"><div class=\"l-section-overlay\" style=\"background:var(--color-content-primary-grad)\"><\/div><div class=\"l-section-h i-cf\"><div class=\"g-cols vc_row via_grid cols_2 laptops-cols_inherit tablets-cols_inherit mobiles-cols_1 valign_top type_default stacking_default\"><div class=\"wpb_column vc_column_container\"><div class=\"vc_column-inner\"><div class=\"wpb_text_column\"><div class=\"wpb_wrapper\"><h1 style=\"text-align: center;\">Ofrecemos Estimados Gratis<\/h1>\n<\/div><\/div><div class=\"w-separator size_medium\"><\/div><div class=\"w-iconbox iconpos_top style_default color_secondary align_center no_text no_title\"><div class=\"w-iconbox-icon\" style=\"font-size:20rem;\"><i class=\"fas fa-file-invoice\"><\/i><\/div><div class=\"w-iconbox-meta\"><\/div><\/div><div class=\"w-separator size_medium\"><\/div><div class=\"wpb_text_column\"><div class=\"wpb_wrapper\"><h2 style=\"text-align: center;\">\u00a1Obtenga una cotizaci\u00f3n formal con nosotros!<\/h2>\n<\/div><\/div><\/div><\/div><div class=\"wpb_column vc_column_container\"><div class=\"vc_column-inner\"><h6 class=\"w-text\"><span class=\"w-text-h\"><span class=\"w-text-value\">Complete este formulario y uno de nuestros especialistas se pondr\u00e1 en contacto con usted.<\/span><\/span><\/h6><form class=\"w-form  us-field-style_1 layout_ver for_cform us_form_1\" autocomplete=\"off\" action=\"https:\/\/worldinnovationpaintingcorp.com\/es\/es\/wp-json\/wp\/v2\/pages\/42\" method=\"post\" data-trp-original-action=\"https:\/\/worldinnovationpaintingcorp.com\/es\/es\/wp-json\/wp\/v2\/pages\/42\"><div class=\"w-form-h\"><div class=\"w-form-row for_text required cols_2\">\r\n\t\t<div class=\"w-form-row-field\">\r\n\t\t\t\t\t\t<input aria-label=\"Nombre\" type=\"text\" name=\"us_form_1_text_1\" value placeholder=\"Nombre *\" data-required=\"true\" aria-required=\"true\"\/>\r\n\t\t\t<\/div>\r\n\t\t<div class=\"w-form-row-state\">Fill out this field<\/div>\r\n<\/div>\r\n<div class=\"w-form-row for_text required cols_2\">\r\n\t\t<div class=\"w-form-row-field\">\r\n\t\t\t\t\t\t<input aria-label=\"Tel\u00e9fono\" type=\"text\" name=\"us_form_1_text_2\" value placeholder=\"Tel\u00e9fono *\" data-required=\"true\" aria-required=\"true\"\/>\r\n\t\t\t<\/div>\r\n\t\t<div class=\"w-form-row-state\">Fill out this field<\/div>\r\n<\/div>\r\n<div class=\"w-form-row for_email required cols_2\">\r\n\t\t<div class=\"w-form-row-field\">\r\n\t\t\t\t\t\t<input aria-label=\"Correo electr\u00f3nico\" type=\"email\" name=\"us_form_1_email_1\" value placeholder=\"Correo electr\u00f3nico *\" data-required=\"true\" aria-required=\"true\"\/>\r\n\t\t\t<\/div>\r\n\t\t<div class=\"w-form-row-state\">Por favor, introduce una direcci\u00f3n de correo v\u00e1lida.<\/div>\r\n<\/div>\r\n<div class=\"w-form-row for_text required cols_2\">\r\n\t\t<div class=\"w-form-row-field\">\r\n\t\t\t\t\t\t<input aria-label=\"Ubicaci\u00f3n\" type=\"text\" name=\"us_form_1_text_3\" value placeholder=\"Ubicaci\u00f3n *\" data-required=\"true\" aria-required=\"true\"\/>\r\n\t\t\t<\/div>\r\n\t\t\t<div class=\"w-form-row-description\">\r\n\t\t\tIndique su ciudad y ubicaci\u00f3n exacta para que podamos visitarlo.\t\t<\/div>\r\n\t\t<div class=\"w-form-row-state\">Fill out this field<\/div>\r\n<\/div>\r\n<div class=\"w-form-row for_checkboxes has_label required\">\r\n\t\t\t<div class=\"w-form-row-label\">\r\n\t\t\t<span>Seleccione el tipo de servicio que necesita: <span class=\"required\">*<\/span><\/span>\r\n\t\t<\/div>\r\n\t\t<div class=\"w-form-row-field\">\r\n\t\t\t\t\t<label>\r\n\t\t\t\t<input type=\"checkbox\" name=\"us_form_1_checkboxes_1[]\" data-required=\"true\" value=\"Interior and Exterior Painting\"\/>\r\n\t\t\t\t<span>Pintura de interiores y exteriores<\/span>\r\n\t\t\t<\/label>\r\n\t\t\t\t\t\t<label>\r\n\t\t\t\t<input type=\"checkbox\" name=\"us_form_1_checkboxes_1[]\" data-required=\"true\" value=\"Power Wash\"\/>\r\n\t\t\t\t<span>Lavado a presi\u00f3n<\/span>\r\n\t\t\t<\/label>\r\n\t\t\t\t\t\t<label>\r\n\t\t\t\t<input type=\"checkbox\" name=\"us_form_1_checkboxes_1[]\" data-required=\"true\" value=\"Stucco Repair\"\/>\r\n\t\t\t\t<span>Reparaci\u00f3n de estuco<\/span>\r\n\t\t\t<\/label>\r\n\t\t\t\t\t\t<label>\r\n\t\t\t\t<input type=\"checkbox\" name=\"us_form_1_checkboxes_1[]\" data-required=\"true\" value=\"Cabinets Painting\"\/>\r\n\t\t\t\t<span>Pintura de gabinetes<\/span>\r\n\t\t\t<\/label>\r\n\t\t\t\t\t\t<label>\r\n\t\t\t\t<input type=\"checkbox\" name=\"us_form_1_checkboxes_1[]\" data-required=\"true\" value=\"Drywall Repair\"\/>\r\n\t\t\t\t<span>Reparaci\u00f3n de paneles de yeso<\/span>\r\n\t\t\t<\/label>\r\n\t\t\t\t\t\t<label>\r\n\t\t\t\t<input type=\"checkbox\" name=\"us_form_1_checkboxes_1[]\" data-required=\"true\" value=\"Wood Repair\"\/>\r\n\t\t\t\t<span>Reparaci\u00f3n de madera<\/span>\r\n\t\t\t<\/label>\r\n\t\t\t\t\t\t<label>\r\n\t\t\t\t<input type=\"checkbox\" name=\"us_form_1_checkboxes_1[]\" data-required=\"true\" value=\"Texture Painting\"\/>\r\n\t\t\t\t<span>Pintura de texturas<\/span>\r\n\t\t\t<\/label>\r\n\t\t\t\t\t\t<label>\r\n\t\t\t\t<input type=\"checkbox\" name=\"us_form_1_checkboxes_1[]\" data-required=\"true\" value=\"Decks Painting\"\/>\r\n\t\t\t\t<span>Pintura de cubiertas<\/span>\r\n\t\t\t<\/label>\r\n\t\t\t\t<\/div>\r\n\t\t<div class=\"w-form-row-state\">Select an option<\/div>\r\n<\/div>\r\n<div class=\"w-form-row for_text required\">\r\n\t\t<div class=\"w-form-row-field\">\r\n\t\t\t\t\t\t<input aria-label=\"Fecha de la visita\" type=\"text\" name=\"us_form_1_text_4\" value placeholder=\"Fecha de la visita *\" data-required=\"true\" aria-required=\"true\"\/>\r\n\t\t\t<\/div>\r\n\t\t\t<div class=\"w-form-row-description\">\r\n\t\t\tDescripci\u00f3n del d\u00eda y la hora en que desea que visitemos su domicilio o empresa.\t\t<\/div>\r\n\t\t<div class=\"w-form-row-state\">Fill out this field<\/div>\r\n<\/div>\r\n<div class=\"w-form-row for_textarea required\">\r\n\t\t<div class=\"w-form-row-field\">\r\n\t\t\t\t\t\t<textarea aria-label=\"Comentario o mensaje\" name=\"us_form_1_textarea_1\" placeholder=\"Comentario o mensaje *\" data-required=\"true\" aria-required=\"true\"><\/textarea>\r\n\t\t\t<\/div>\r\n\t\t\t<div class=\"w-form-row-description\">\r\n\t\t\tDescriba aqu\u00ed los requisitos espec\u00edficos de lo que necesita que hagamos.\t\t<\/div>\r\n\t\t<div class=\"w-form-row-state\">Fill out this field<\/div>\r\n<\/div>\r\n<input type=\"hidden\" name=\"action\" value=\"us_ajax_cform\" \/>\r\n<input type=\"hidden\" name=\"post_id\" value=\"0\" \/>\r\n<input type=\"hidden\" name=\"form_index\" value=\"1\" \/>\r\n<div class=\"w-form-row for_submit align_none\">\r\n\t<button class=\"w-btn  us-btn-style_1\" aria-label=\"Enviar\" type=\"submit\">\r\n\t\t<span class=\"g-preloader type_1\"><\/span>\r\n\t\t\t\t<span class=\"w-btn-label\">Enviar<\/span>\r\n\t\t\t<\/button>\r\n\t<\/div>\r\n<\/div><div class=\"w-form-message\"><\/div><div class=\"w-form-json hidden\" onclick='return {&quot;ajaxurl&quot;:&quot;https:\\\/\\\/worldinnovationpaintingcorp.com\\\/wp-admin\\\/admin-ajax.php&quot;,&quot;messages&quot;:{&quot;err_empty&quot;:&quot;Fill out this field&quot;,&quot;err_size&quot;:&quot;File size cannot exceed %s MB&quot;,&quot;err_extension&quot;:&quot;%s file type is not allowed&quot;}}'><\/div><input type=\"hidden\" name=\"trp-form-language\" value=\"es\"\/><\/form><\/div><\/div><\/div><\/div><\/section>","protected":false},"excerpt":{"rendered":"","protected":false},"author":1,"featured_media":212,"parent":0,"menu_order":0,"comment_status":"closed","ping_status":"closed","template":"","meta":{"_glsr_average":0,"_glsr_ranking":0,"_glsr_reviews":0,"footnotes":""},"class_list":["post-42","page","type-page","status-publish","has-post-thumbnail","hentry"],"_hostinger_reach_plugin_has_subscription_block":false,"_hostinger_reach_plugin_is_elementor":false,"_links":{"self":[{"href":"https:\/\/worldinnovationpaintingcorp.com\/es\/wp-json\/wp\/v2\/pages\/42","targetHints":{"allow":["GET"]}}],"collection":[{"href":"https:\/\/worldinnovationpaintingcorp.com\/es\/wp-json\/wp\/v2\/pages"}],"about":[{"href":"https:\/\/worldinnovationpaintingcorp.com\/es\/wp-json\/wp\/v2\/types\/page"}],"author":[{"embeddable":true,"href":"https:\/\/worldinnovationpaintingcorp.com\/es\/wp-json\/wp\/v2\/users\/1"}],"replies":[{"embeddable":true,"href":"https:\/\/worldinnovationpaintingcorp.com\/es\/wp-json\/wp\/v2\/comments?post=42"}],"version-history":[{"count":10,"href":"https:\/\/worldinnovationpaintingcorp.com\/es\/wp-json\/wp\/v2\/pages\/42\/revisions"}],"predecessor-version":[{"id":422,"href":"https:\/\/worldinnovationpaintingcorp.com\/es\/wp-json\/wp\/v2\/pages\/42\/revisions\/422"}],"wp:featuredmedia":[{"embeddable":true,"href":"https:\/\/worldinnovationpaintingcorp.com\/es\/wp-json\/wp\/v2\/media\/212"}],"wp:attachment":[{"href":"https:\/\/worldinnovationpaintingcorp.com\/es\/wp-json\/wp\/v2\/media?parent=42"}],"curies":[{"name":"wp","href":"https:\/\/api.w.org\/{rel}","templated":true}]}}